{"id":1559,"date":"2024-11-25T17:29:08","date_gmt":"2024-11-25T16:29:08","guid":{"rendered":"https:\/\/www.kajganic.ch\/?page_id=1559"},"modified":"2025-07-12T10:19:07","modified_gmt":"2025-07-12T09:19:07","slug":"33-andela","status":"publish","type":"page","link":"http:\/\/www.kajganic.ch\/?page_id=1559","title":{"rendered":"33 An\u0111ela"},"content":{"rendered":"\t\t<div data-elementor-type=\"wp-page\" data-elementor-id=\"1559\" class=\"elementor elementor-1559\">\n\t\t\t\t\t\t<section class=\"elementor-section elementor-top-section elementor-element elementor-element-6d08b3ba elementor-section-boxed elementor-section-height-default elementor-section-height-default\" data-id=\"6d08b3ba\" data-element_type=\"section\" data-e-type=\"section\">\n\t\t\t\t\t\t<div class=\"elementor-container elementor-column-gap-default\">\n\t\t\t\t\t<div class=\"jet-sticky-column-sticky elementor-column elementor-col-50 elementor-top-column elementor-element elementor-element-1a2f533c\" data-jet-sticky-column-settings=\"{&quot;id&quot;:&quot;1a2f533c&quot;,&quot;sticky&quot;:true,&quot;topSpacing&quot;:200,&quot;bottomSpacing&quot;:0,&quot;stickyOn&quot;:[&quot;desktop&quot;]}\" data-id=\"1a2f533c\" data-element_type=\"column\" data-e-type=\"column\" data-settings=\"{&quot;background_background&quot;:&quot;classic&quot;}\">\n\t\t\t<div class=\"elementor-widget-wrap elementor-element-populated\">\n\t\t\t\t\t\t<div class=\"elementor-element elementor-element-56a2dc5a elementor-widget elementor-widget-spacer\" data-id=\"56a2dc5a\" data-element_type=\"widget\" data-e-type=\"widget\" data-widget_type=\"spacer.default\">\n\t\t\t\t\t\t\t<div class=\"elementor-spacer\">\n\t\t\t<div class=\"elementor-spacer-inner\"><\/div>\n\t\t<\/div>\n\t\t\t\t\t\t<\/div>\n\t\t\t\t\t<\/div>\n\t\t<\/div>\n\t\t\t\t<div class=\"elementor-column elementor-col-50 elementor-top-column elementor-element elementor-element-74ae6d76\" data-id=\"74ae6d76\" data-element_type=\"column\" data-e-type=\"column\">\n\t\t\t<div class=\"elementor-widget-wrap elementor-element-populated\">\n\t\t\t\t\t\t<div class=\"elementor-element elementor-element-2376e591 elementor-widget elementor-widget-spacer\" data-id=\"2376e591\" data-element_type=\"widget\" data-e-type=\"widget\" data-widget_type=\"spacer.default\">\n\t\t\t\t\t\t\t<div class=\"elementor-spacer\">\n\t\t\t<div class=\"elementor-spacer-inner\"><\/div>\n\t\t<\/div>\n\t\t\t\t\t\t<\/div>\n\t\t\t\t<div class=\"elementor-element elementor-element-644cd37b elementor-widget elementor-widget-heading\" data-id=\"644cd37b\" data-element_type=\"widget\" data-e-type=\"widget\" data-widget_type=\"heading.default\">\n\t\t\t\t\t<h2 class=\"elementor-heading-title elementor-size-default\">33 An\u0111ela<\/h2>\t\t\t\t<\/div>\n\t\t\t\t<div class=\"elementor-element elementor-element-5183a167 elementor-widget elementor-widget-text-editor\" data-id=\"5183a167\" data-element_type=\"widget\" data-e-type=\"widget\" data-widget_type=\"text-editor.default\">\n\t\t\t\t\t\t\t\t\t<p>DAN MEDIA NORGE, filmska produkcija u vlasni\u0161vu Branka Dimovi\u0107 Dimeski je snimila dokumentarno igrani film 33 An\u0111ela. Branko je i novinar istra\u017eiva\u010d koji je u Arhivu Norve\u0161ke prona\u0161ao srpske zarobljenike u nacisti\u010dkim logorima u toku Drugog svjetskog rata.<\/p><p>Snimio je dokumentarni film Logor smrti u Karasjoku. Rade\u0107i dalje, prona\u0161ao je me\u0111u 4049 logora\u0161a i 239 imena srpske djece. Najmla\u0111i je imao samo 11 godina. Bila su to djeca Like, Banije, Korduna i Kozare.<\/p><p>Branko, kao autor, ide naprijed, pi\u0161e scenarij i tu pronalazi i mene kao viktimologa, saradnika na scenariju.<\/p><p>Film smo snimali u Srbiji, Republici Srpskoj, Hrvatskoj i Norve\u0161koj. Sredstva za film kao i cijelu organizaciju preuzeo je na sebe Branko.<\/p><p>U nedostatku novca obratili smo se ocu Branimiru Petkovi\u0107u koji je zajedno sa ocem dr Miroslavom Simijonovi\u0107 iz Ciriha i ocem Branom Sari\u0107 iz St. Galena osigurali novce da film dovr\u0161imo i pripremimo ga za prikazivanje. Film smo premijerno prikazali pro\u0161le godine u Ni\u0161u pa u Beogradu, povodom Dana oslobo\u0111enja.<\/p><p>Pozivi za prikazivanje filma stigli su iz Eparhije Vranjske i iz grada In\u0111ije. Branka su kao autora, vrsnog istra\u017eiva\u010da, prepoznali i u pet norve\u0161kih gradova. Zatim slijedi prikazivanje i u \u0160vedskoj gdje se na\u0161 film 33 An\u0111ela pojavljuje na Me\u0111unarodnom filmskom festivalu BANEFF i tu osvaja prvu nagradu kao najbolji film u decembru 2023.<\/p><p>Drugu nagradu, kao najbolji film dobiva od publike, u ljeto 2024. na Me\u0111unarodnom filmskom festivalu Montenegro 2024. FORTECA u Perastu. Zatim slijedi prikazivanje filma holandskoj i \u0161vajcarskoj publici.\u00a0<\/p><p>Film smo preveli na ruski jezik, besplatno ga ustupili TV Russia today koja ga je ovog prolje\u0107a emitovala cijeli dan. Bio je to prilog povodom 80.godi\u0161njice oslobadjanja od nacizma. Odgledalo ga je preko 70.000 000 ljudi.<\/p><p>24.4.2025.g. u SANU u Beogradu se odr\u017eava Medjunarodna konferencija o holokaustu i genocidu nad Srbima, Jevrejima i Romima. Prikazuje se na\u0161 film 33 andjela koji je vidno uznemirio u\u010desnike svjedo\u010de\u0107i o strahotama usta\u0161tva u NDH.\u00a0<\/p>\t\t\t\t\t\t\t\t<\/div>\n\t\t\t\t\t<\/div>\n\t\t<\/div>\n\t\t\t\t\t<\/div>\n\t\t<\/section>\n\t\t\t\t<\/div>\n\t\t","protected":false},"excerpt":{"rendered":"<p>33 An\u0111ela DAN MEDIA NORGE, filmska produkcija u vlasni\u0161vu Branka Dimovi\u0107 Dimeski je snimila dokumentarno igrani film 33 An\u0111ela. Branko je i novinar istra\u017eiva\u010d koji je u Arhivu Norve\u0161ke prona\u0161ao srpske zarobljenike u nacisti\u010dkim logorima u toku Drugog svjetskog rata. Snimio je dokumentarni film Logor smrti u Karasjoku. Rade\u0107i dalje, prona\u0161ao je me\u0111u 4049 logora\u0161a&#8230;<\/p>\n","protected":false},"author":1,"featured_media":0,"parent":0,"menu_order":0,"comment_status":"closed","ping_status":"closed","template":"elementor_header_footer","meta":{"_kad_post_transparent":"default","_kad_post_title":"hide","_kad_post_layout":"fullwidth","_kad_post_sidebar_id":"","_kad_post_content_style":"unboxed","_kad_post_vertical_padding":"hide","_kad_post_feature":"hide","_kad_post_feature_position":"","_kad_post_header":false,"_kad_post_footer":false,"_kad_post_classname":"","footnotes":""},"class_list":["post-1559","page","type-page","status-publish","hentry"],"_links":{"self":[{"href":"http:\/\/www.kajganic.ch\/index.php?rest_route=\/wp\/v2\/pages\/1559","targetHints":{"allow":["GET"]}}],"collection":[{"href":"http:\/\/www.kajganic.ch\/index.php?rest_route=\/wp\/v2\/pages"}],"about":[{"href":"http:\/\/www.kajganic.ch\/index.php?rest_route=\/wp\/v2\/types\/page"}],"author":[{"embeddable":true,"href":"http:\/\/www.kajganic.ch\/index.php?rest_route=\/wp\/v2\/users\/1"}],"replies":[{"embeddable":true,"href":"http:\/\/www.kajganic.ch\/index.php?rest_route=%2Fwp%2Fv2%2Fcomments&post=1559"}],"version-history":[{"count":3,"href":"http:\/\/www.kajganic.ch\/index.php?rest_route=\/wp\/v2\/pages\/1559\/revisions"}],"predecessor-version":[{"id":1718,"href":"http:\/\/www.kajganic.ch\/index.php?rest_route=\/wp\/v2\/pages\/1559\/revisions\/1718"}],"wp:attachment":[{"href":"http:\/\/www.kajganic.ch\/index.php?rest_route=%2Fwp%2Fv2%2Fmedia&parent=1559"}],"curies":[{"name":"wp","href":"https:\/\/api.w.org\/{rel}","templated":true}]}}